{"id":1027,"date":"2023-04-27T11:15:27","date_gmt":"2023-04-27T09:15:27","guid":{"rendered":"https:\/\/inkosmia.com\/?page_id=1027"},"modified":"2023-11-24T09:46:46","modified_gmt":"2023-11-24T08:46:46","slug":"gtc","status":"publish","type":"page","link":"https:\/\/inkosmia.com\/en\/gtc\/","title":{"rendered":"GTC"},"content":{"rendered":"<div  class=\"gs_5zuDiI row_wrap has-background\"><div id='bg_69f451c213000' class='greyd-background bg_full'>\n\t\t\t\t\t\t\t\t<div class='bg_image'  data-srcset='{\"150\":\"https:\\\/\\\/inkosmia.com\\\/wp-content\\\/uploads\\\/sites\\\/12\\\/2023\\\/04\\\/nature-2022-11-11-23-28-47-utc-150x150.jpg\",\"300\":\"https:\\\/\\\/inkosmia.com\\\/wp-content\\\/uploads\\\/sites\\\/12\\\/2023\\\/04\\\/nature-2022-11-11-23-28-47-utc-300x32.jpg\",\"768\":\"https:\\\/\\\/inkosmia.com\\\/wp-content\\\/uploads\\\/sites\\\/12\\\/2023\\\/04\\\/nature-2022-11-11-23-28-47-utc-768x82.jpg\",\"1024\":\"https:\\\/\\\/inkosmia.com\\\/wp-content\\\/uploads\\\/sites\\\/12\\\/2023\\\/04\\\/nature-2022-11-11-23-28-47-utc-1024x110.jpg\",\"1536\":\"https:\\\/\\\/inkosmia.com\\\/wp-content\\\/uploads\\\/sites\\\/12\\\/2023\\\/04\\\/nature-2022-11-11-23-28-47-utc-1536x165.jpg\",\"full\":\"https:\\\/\\\/inkosmia.com\\\/wp-content\\\/uploads\\\/sites\\\/12\\\/2023\\\/04\\\/nature-2022-11-11-23-28-47-utc.jpg\"}'><\/div>\n\t\t\t\t\t\t\t\t<div class='bg_overlay_color'><\/div>\n\t\t\t\t\t\t\t\t\n\t\t\t\t\t\t\t\t\n\t\t\t\t\t\t\t<\/div>\n<div class=\"wp-block-columns row_xxl is-layout-flex wp-container-core-columns-is-layout-8f761849 wp-block-columns-is-layout-flex\">\n<div class=\"wp-block-column col-12 col-sm-auto is-layout-flow wp-block-column-is-layout-flow\">\n<h1 class=\"has-color-62-color has-text-color wp-block-heading\">GTC<\/h1>\n<\/div>\n<\/div>\n<\/div>\n\n<div  class=\"gs_jAmwpl row_wrap\">\n<div class=\"wp-block-columns row_xxl is-layout-flex wp-container-core-columns-is-layout-8f761849 wp-block-columns-is-layout-flex\">\n<div class=\"wp-block-column col-12 col-sm-auto is-layout-flow wp-block-column-is-layout-flow\">\n<p class=\"wp-block-paragraph\">\u00a7 1 Geltungsbereich<br>(1) F\u00fcr s\u00e4mtliche Lieferungsvertr\u00e4ge zwischen uns und unseren<br>Abnehmern, soweit es sich um Unternehmer im Sinne des \u00a7 14 BGB,<br>juristische Personen des \u00f6ffentlichen Rechts oder \u00f6ffentlich-rechtliche<br>Sonderverm\u00f6gen handelt, gelten ausschlie\u00dflich die nachstehenden<br>Allgemeinen Lieferungsbedingungen. Der Abnehmer erkennt diese<br>Bedingungen sp\u00e4testens durch Auftragserteilung oder durch Annahme<br>der Lieferung an.<br>(2) M\u00fcndliche Nebenabreden wurden nicht getroffen. Von unseren<br>Lieferungsbedingungen abweichende oder sie erg\u00e4nzende<br>Individualabreden sind zu Beweiszwecken schriftlich niederzulegen.<br>Soweit nichts anderes vereinbart ist, gelten sie nur f\u00fcr den Einzelfall.<br>(3) Unsere AGB gelten im Falle von laufenden Gesch\u00e4ftsbeziehungen<br>auch f\u00fcr alle k\u00fcnftigen Gesch\u00e4fte zwischen uns und dem Besteller, auch<br>wenn sie nicht nochmals im Einzelfall ausdr\u00fccklich einbezogen werden.<br>(4) F\u00fcr die Gesch\u00e4ftsbeziehung, insbesondere f\u00fcr Bestellungen und<br>Lieferungen sowie f\u00fcr Streitigkeiten aus dem Vertragsverh\u00e4ltnis ist das<br>Recht der Bundesrepublik Deutschland, so wie es f\u00fcr Gesch\u00e4fte zwischen<br>Inl\u00e4ndern im Inland gilt, ausschlie\u00dflich ma\u00dfgebend.<\/p>\n\n\n\n<p class=\"wp-block-paragraph\">\u00a7 2 Vertragsschluss<br>(1) Unsere Angebote sind freibleibend und unverbindlich, es sei denn,<br>dass wir diese ausdr\u00fccklich als verbindlich bezeichnet haben. Das<br>Vertragsangebot liegt erst in der Auftragserteilung durch den Abnehmer.<br>Das Vertragsangebot gilt erst dann als angenommen, wenn wir den<br>Auftrag durch Lieferung, Rechnungserteilung oder besonderes Schreiben<br>best\u00e4tigt haben.<\/p>\n\n\n\n<p class=\"wp-block-paragraph\">\u00a7 3 Preis<br>(1) Es gelten die in der IFA-Datenbank gelisteten Preise, Irrtum<br>vorbehalten. Berechnungsgrundlage bildet der zum Zeitpunkt der<br>Rechnungsstellung g\u00fcltige Preis laut IFA-Datenbank, abz\u00fcglich der<br>vereinbarten Kondition.<br>(2) Die gesetzliche Mehrwertsteuer ist nicht in unseren Preisen<br>eingeschlossen. Sie wird in gesetzlicher H\u00f6he am Tag der Lieferung in der<br>Rechnung gesondert ausgewiesen.<\/p>\n\n\n\n<p class=\"wp-block-paragraph\">\u00a7 4. Lieferung und Gefahr\u00fcbergang<br>(1) Die Lieferung erfolgt, sofern nichts anderes vereinbart ist, ab<br>unserem Lager, in Ausnahmef\u00e4llen ab Lager von unseren Lieferanten.<br>Versandart und Versandweg werden von uns bestimmt.<br>(2) Liefertermine oder -fristen sind nur verbindlich, wenn sie<br>Allgemeine Gesch\u00e4ftsbedingungen<\/p>\n\n\n\n<p class=\"wp-block-paragraph\">inkosmia GmbH &amp; cie. KG<br>Hohe Stra\u00dfe 21<br>35576 Wetzlar<br>Germany<br>Tel. +49 6441 5016 66<br>Fax +49 6441 5016 50<br>eMail hello@inkosmia.com<br>iNet www.inkosmia.com<br>Donnerstag, 16. November 2017<br>Volksbank Mittelhessen eG<br>IBAN DE17513900000040069402<br>BIC VBMHDE5F<br>Handelsregister Amtsgericht<br>Wetzlar HRA 6906<br>UStID\/VAT DE 259723380<br>Finanzamt Wetzlar<br>Unternehmenssitz: Wetzlar<br>Pers\u00f6nliche haftender<br>Gesellschafter:<br>inkosmia Verwaltungs GmbH<br>Handelsregister Amtsgericht<br>Wetzlar HRB 5576<br>Gesch\u00e4ftsf\u00fchrer<br>Dr. Marcus Peter<br>ausdr\u00fccklich als verbindlich vereinbart worden sind. Wir sind zu<br>Teillieferungen berechtigt, sofern dies f\u00fcr den Abnehmer zumutbar ist.<br>(3) Vereinbarte Lieferfristen beginnen zu laufen, wenn der Abnehmer<br>alle Voraussetzungen f\u00fcr die Lieferung erf\u00fcllt hat. Wir sind berechtigt, auch<br>vor dem vereinbarten Liefertermin zu liefern. Ist kein Liefertermin vereinbart,<br>sind wir berechtigt, sofort zu liefern.<br>(4) Werden wir, soweit f\u00fcr uns erst nach Vertragsschluss erkennbar,<br>durch h\u00f6here Gewalt, Naturkatastrophen, Arbeitskampfma\u00dfnahmen,<br>beh\u00f6rdliche Eingriffe, Versorgungsschwierigkeiten, Verkehrsst\u00f6rungen,<br>Betriebsst\u00f6rungen, fehlende rechtzeitige Belieferung durch unsere<br>Vorlieferanten oder aus anderen gleichartigen Gr\u00fcnden an der rechtzeitigen<br>Erf\u00fcllung unserer Lieferverpflichtung gehindert, so haben wir dies nicht zu<br>vertreten und ruht unsere Lieferverpflichtung f\u00fcr die Dauer des<br>Hindernisses und im Umfang seiner Wirkung. Ist dies f\u00fcr den Abnehmer<br>nicht zumutbar, so ist er nach Ablauf einer von ihm zu setzenden<br>angemessenen Frist berechtigt, vom Vertrag zur\u00fcckzutreten. Eine<br>Fristsetzung ist nicht erforderlich in den im Gesetz genannten F\u00e4llen (\u00a7 323<br>Absatz 2 und 4, \u00a7 326 Absatz 5 BGB). Ein Anspruch auf Schadensersatz<br>oder Aufwendungsersatz ist ausgeschlossen. Haben wir eine Teilleistung<br>bewirkt, so kann der Abnehmer vom ganzen Vertrag nur zur\u00fccktreten,<br>wenn er an der Teilleistung kein Interesse hat. Bei Lieferverz\u00f6gerungen, die<br>der Abnehmer zu vertreten hat, verl\u00e4ngern bzw. verschieben sich<br>vereinbarte Lieferfristen und Liefertermine entsprechend.<br>(5) Wird die Ware dem Abnehmer auf dessen Wunsch zugesandt, so<br>geht mit der Auslieferung der Ware an unseren Versandbeauftragten,<br>sp\u00e4testens jedoch mit dem Verlassen unseres Lagers die Gefahr des<br>zuf\u00e4lligen Untergangs und einer zuf\u00e4lligen Verschlechterung der Ware auf<br>den Abnehmer unabh\u00e4ngig davon \u00fcber, ob die Versendung vom<br>Erf\u00fcllungsort aus erfolgt und wer die Frachtkosten tr\u00e4gt. Verz\u00f6gert sich die<br>Auslieferung aus Gr\u00fcnden, die der Abnehmer zu vertreten hat, so tritt der<br>Gefahr\u00fcbergang bereits mit der Anzeige der Versandbereitschaft ein. Wir<br>sind nicht verpflichtet, das Versandgut zu versichern.<br>(6) Kommt der Abnehmer in Annahmeverzug oder verletzt er sonstige<br>Mitwirkungspflichten, so sind wir berechtigt, Ersatz des uns entstandenen<br>Schadens einschlie\u00dflich etwaiger Mehraufwendungen zu verlangen. In<br>diesem Fall geht auch die Gefahr eines zuf\u00e4lligen Untergangs oder einer<br>zuf\u00e4lligen Verschlechterung der Kaufsache in dem Zeitpunkt auf den<br>Abnehmer \u00fcber, in dem dieser in Annahmeverzug ger\u00e4t oder er seine<br>Mitwirkungspflichten verletzt und sich dadurch die Versendung verz\u00f6gert.<\/p>\n\n\n\n<p class=\"wp-block-paragraph\">\u00a7 5. Zahlung<br>(1) Unsere Rechnungen gelten als anerkannt, wenn der Abnehmer<br>ihnen nicht innerhalb von 8 Tagen nach Zugang schriftlich widersprochen<br>hat; wir sind verpflichtet, den Abnehmer bei Beginn der Frist auf die<br>vorgesehene Bedeutung seines Verhaltens besonders hinzuweisen.<br>(2) Unsere Rechnungen sind vorbehaltlich anderer vertraglicher<br>Vereinbarungen sofort zur Zahlung f\u00e4llig. Als Zeitpunkt der Zahlung gilt der<br>Tag der Gutschrift auf unserem Konto.<br>Allgemeine Gesch\u00e4ftsbedingungen<br>(3) Zur Vereinfachung des Zahlungsverkehrs empfehlen wir, dem<br>Abnehmer sich dem SEPA-Basislastschriftverfahren (Bankeinzug)<br>anzuschlie\u00dfen. Ein entsprechendes Formular k\u00f6nnen Sie jederzeit von uns<br>erhalten. Der Bankeinzug erfolgt innerhalb von 7 Tagen ab<br>Rechnungsdatum ohne Abzug. Den einzuziehenden Betrag, den<br>Belastungstermin, unsere Gl\u00e4ubiger-Identifikationsnummer und die<br>Mandatsreferenz weisen wir auf unseren Rechnungen aus.<br>(4) Eine Zahlung per \u00dcberweisung sofort nach Rechnungserhalt<br>sp\u00e4testens jedoch nach 7 Kalendertagen ist ebenfalls m\u00f6glich.<br>(5) Bei \u00dcberschreitung der Zahlungsziele werden unbeschadet weiterer<br>Rechte Mahngeb\u00fchren erhoben.<br>(6) Bei Auslandsbestellungen behalten wir uns die Forderung einer<br>Vorauskasse vor.<br>(7) Die gesetzliche MwSt. ist nicht in unsere Preise eingeschlossen. Sie<br>wird in gesetzlicher H\u00f6he am Tag der Lieferung in der Rechnung gesondert<br>ausgewiesen.<\/p>\n\n\n\n<p class=\"wp-block-paragraph\">\u00a7 6 Reklamationen\/Retouren<br>(1) Als Retoure k\u00f6nnen wir nur vollst\u00e4ndige und unbesch\u00e4digte<br>Originalware akzeptieren. Wir k\u00f6nnen nur Pr\u00e4parate erstatten, die bei uns<br>direkt bestellt wurden.<br>(2) Reklamationen sind innerhalb von 8 Kalendertagen nach<br>Rechnungsstellung schriftlich anzumelden. Beanstandete Ware ist<br>unverz\u00fcglich und ordnungsgem\u00e4\u00df verpackt zur\u00fcckzugeben. Unterl\u00e4sst der<br>Abnehmer die rechtzeitige und formgerechte Anzeige, so gilt die Ware als<br>genehmigt.<br>(3) Die Reklamation kann erst bearbeitet werden, wenn uns ein<br>Retourenschreiben, eine Kopie der Rechnung oder des Lieferscheines per<br>E-Mail oder Fax vom Abnehmer \u00fcbersandt wurde.<br>(4) Unfreie Sendungen werden nicht angenommen. Portokosten<br>werden nicht erstattet.<br>(5) Bei offenen Transportsch\u00e4den wird eine Best\u00e4tigung des<br>Spediteurs und Bildmaterial der besch\u00e4digten Palette ben\u00f6tigt.<br>(6) Bei verdeckten Transportsch\u00e4den\/Fehlmengen- oder<br>\u00dcberlieferungen\/Falschlieferung erhalten Sie als Erstattung eine kostenlose<br>Ersatzlieferung oder eine Warengutschrift.<br>(7) Eine Erstattung bei Ware mit einer Restlaufzeit von weniger als 12<br>Monaten zum Lieferzeitpunkt, muss ein R\u00fcckgaberecht nach Absprache<br>auf Ihrem Lieferschein vermerkt sein. Beim Nachkauf des jeweiligen Artikels<br>entf\u00e4llt das R\u00fcckgaberecht. Ware deren Haltbarkeitsdatum abgelaufen ist<br>k\u00f6nnen nicht mehr erstattet werden.<br>(8) Fehlbestellungen durch den Abnehmer k\u00f6nnen nicht<br>zur\u00fcckgenommen, erstattet oder umgetauscht werden.<br>(9) Kurzl\u00e4ufige Artikel werden nur bei Meldung innerhalb von 8<br>Kalendertagen gutgeschrieben, sowie ausschlie\u00dflich bei noch<br>verkehrsf\u00e4higer Ware. Ansonsten wird eine Vernichtungserkl\u00e4rung<br>ausgestellt. Bei Verfallartikeln wird ausschlie\u00dflich eine Vernichtungserkl\u00e4rung erstellt.<br>Allgemeine Gesch\u00e4ftsbedingungen<\/p>\n\n\n\n<p class=\"wp-block-paragraph\">\u00a7 7. Eigentumsvorbehalt<\/p>\n\n\n\n<p class=\"wp-block-paragraph\">Bis zur vollst\u00e4ndigen Bezahlung aller Forderungen aus dem<br>Vertragsverh\u00e4ltnis und sonstiger Forderungen, welche wir gegen den<br>Besteller im unmittelbaren Zusammenhang mit der gelieferten Ware<br>nachtr\u00e4glich \u2013 gleich aus welchem Rechtsgrund \u2013 erwerben, bleibt die<br>gelieferte Ware unser Eigentum. Bei vertragswidrigem Verhalten des<br>Abnehmers, insbesondere bei Zahlungsverzug sind wir berechtigt, die<br>Kaufsache zur\u00fcckzunehmen.<br>Nach Zur\u00fccknahme der Kaufsache durch uns liegt ein R\u00fccktritt vom<br>Vertrag vor. Wir sind nach R\u00fccknahme der Kaufsache zu deren Verwertung<br>befugt. Der Verwertungserl\u00f6s ist auf die Verbindlichkeiten des Abnehmers<br>abz\u00fcglich angemessener Verwertungskosten anzurechnen.<br>Bei Pf\u00e4ndungen oder sonstigen Eingriffen Dritter hat uns der Abnehmer<br>unverz\u00fcglich schriftlich zu benachrichtigen, damit wir Klage gem\u00e4\u00df \u00a7 771<br>ZPO erheben k\u00f6nnen.<br>Soweit der Dritte nicht in der Lage ist, uns die gerichtlichen und<br>au\u00dfergerichtlichen Kosten einer Klage gem\u00e4\u00df \u00a7 771 ZPO zu erstatten,<br>haftet der Abnehmer f\u00fcr den uns entstandenen Schaden.<\/p>\n\n\n\n<p class=\"wp-block-paragraph\">\u00a7 8. Datenschutz<br>(1) Wir erheben, speichern oder \u00fcbermitteln personenbezogene Daten<br>ausschlie\u00dflich im Rahmen des zur Erf\u00fcllung unserer Gesch\u00e4ftszwecke<br>Erforderlichen nach Ma\u00dfgabe der geltenden datenschutzrechtlichen<br>Bestimmungen.<br>(2) Auf Anforderung teilen wir dem Abnehmer schriftlich mit, ob und<br>gegebenenfalls welche pers\u00f6nliche(n) Daten \u00fcber ihn bei uns gespeichert<br>sind.<br>(3) Der Abnehmer kann diese Einwilligung jederzeit mit Wirkung f\u00fcr die<br>Zukunft widerrufen.<br>Wir verpflichten uns f\u00fcr diesen Fall zur unverz\u00fcglichen L\u00f6schung der<br>personenbezogenen Daten, sofern alle Bestellvorg\u00e4nge vollst\u00e4ndig<br>abgewickelt sind.<\/p>\n\n\n\n<p class=\"wp-block-paragraph\">\u00a7 9. Erf\u00fcllungsort, Gerichtstand, anzuwendendes Recht<br>(1) Erf\u00fcllungsort f\u00fcr alle Verpflichtungen aus dem Vertragsverh\u00e4ltnis ist<br>Wetzlar.<br>(2) Der Gerichtsstand f\u00fcr alle Streitigkeiten aus diesem<br>Vertragsverh\u00e4ltnis ist f\u00fcr Vollkaufleute, juristische Personen des \u00f6ffentlichen<br>Rechts oder \u00f6ffentlich-rechtliche Sonderverm\u00f6gen Wetzlar.<br>(3) Hat der Abnehmer keinen allgemeinen Gerichtsstand in<br>Deutschland oder in einem anderen EU-Mitgliedstaat, ist ausschlie\u00dflich<br>Gerichtsstand f\u00fcr s\u00e4mtliche Streitigkeiten aus diesem Vertrag Saarbr\u00fccken.<br>(4) Es gilt das Recht der Bundesrepublik Deutschland.<br>Allgemeine Gesch\u00e4ftsbedingungen<\/p>\n\n\n\n<p class=\"wp-block-paragraph\">\u00a7 10. Salvatorische Klausel<br>(1) Die Unwirksamkeit einer oder mehrerer Bestimmungen in diesen<br>&#8220;Allgemeinen Gesch\u00e4ftsbedingungen&#8221; ber\u00fchrt nicht die Wirksamkeit der<br>anderen Bestimmungen. Im Besonderen wird die Wirksamkeit des<br>Vertrages durch die Unwirksamkeit einer einzelnen oder mehrerer<br>Bestimmungen nicht ber\u00fchrt.<\/p>\n<\/div>\n<\/div>\n<\/div>","protected":false},"excerpt":{"rendered":"<p>GTC \u00a7 1 Geltungsbereich(1) F\u00fcr s\u00e4mtliche Lieferungsvertr\u00e4ge zwischen uns und unserenAbnehmern, soweit es sich um Unternehmer im Sinne des \u00a7 14 BGB,juristische Personen des \u00f6ffentlichen Rechts oder \u00f6ffentlich-rechtlicheSonderverm\u00f6gen handelt, gelten ausschlie\u00dflich die nachstehendenAllgemeinen Lieferungsbedingungen. Der Abnehmer erkennt dieseBedingungen sp\u00e4testens durch Auftragserteilung oder durch Annahmeder Lieferung an.(2) M\u00fcndliche Nebenabreden wurden nicht getroffen. Von unserenLieferungsbedingungen abweichende oder [&hellip;]<\/p>\n","protected":false},"author":3,"featured_media":0,"parent":0,"menu_order":0,"comment_status":"closed","ping_status":"closed","template":"","meta":{"_crdt_document":"","greyd_block_editor_preview":[],"footnotes":""},"class_list":["post-1027","page","type-page","status-publish","hentry"],"yoast_head":"<!-- This site is optimized with the Yoast SEO plugin v27.4 - https:\/\/yoast.com\/product\/yoast-seo-wordpress\/ -->\n<title>GTC - inkosmia<\/title>\n<meta name=\"description\" content=\"Ihr zuverl\u00e4ssiger Partner f\u00fcr den Apothekenvertrieb von hochwertigen pharmazeutischen, medizinischen und kosmetischen Produkten\" \/>\n<meta name=\"robots\" content=\"index, follow, max-snippet:-1, max-image-preview:large, max-video-preview:-1\" \/>\n<link rel=\"canonical\" href=\"https:\/\/inkosmia.com\/en\/gtc\/\" \/>\n<meta property=\"og:locale\" content=\"en_US\" \/>\n<meta property=\"og:type\" content=\"article\" \/>\n<meta property=\"og:title\" content=\"GTC - inkosmia\" \/>\n<meta property=\"og:description\" content=\"Ihr zuverl\u00e4ssiger Partner f\u00fcr den Apothekenvertrieb von hochwertigen pharmazeutischen, medizinischen und kosmetischen Produkten\" \/>\n<meta property=\"og:url\" content=\"https:\/\/inkosmia.com\/en\/gtc\/\" \/>\n<meta property=\"og:site_name\" content=\"inkosmia\" \/>\n<meta property=\"article:modified_time\" content=\"2023-11-24T08:46:46+00:00\" \/>\n<meta name=\"twitter:card\" content=\"summary_large_image\" \/>\n<meta name=\"twitter:label1\" content=\"Est. reading time\" \/>\n\t<meta name=\"twitter:data1\" content=\"8 minutes\" \/>\n<script type=\"application\/ld+json\" class=\"yoast-schema-graph\">{\"@context\":\"https:\\\/\\\/schema.org\",\"@graph\":[{\"@type\":\"WebPage\",\"@id\":\"https:\\\/\\\/inkosmia.com\\\/en\\\/gtc\\\/\",\"url\":\"https:\\\/\\\/inkosmia.com\\\/en\\\/gtc\\\/\",\"name\":\"GTC - inkosmia\",\"isPartOf\":{\"@id\":\"https:\\\/\\\/inkosmia.com\\\/en\\\/#website\"},\"datePublished\":\"2023-04-27T09:15:27+00:00\",\"dateModified\":\"2023-11-24T08:46:46+00:00\",\"description\":\"Ihr zuverl\u00e4ssiger Partner f\u00fcr den Apothekenvertrieb von hochwertigen pharmazeutischen, medizinischen und kosmetischen Produkten\",\"breadcrumb\":{\"@id\":\"https:\\\/\\\/inkosmia.com\\\/en\\\/gtc\\\/#breadcrumb\"},\"inLanguage\":\"en-US\",\"potentialAction\":[{\"@type\":\"ReadAction\",\"target\":[\"https:\\\/\\\/inkosmia.com\\\/en\\\/gtc\\\/\"]}]},{\"@type\":\"BreadcrumbList\",\"@id\":\"https:\\\/\\\/inkosmia.com\\\/en\\\/gtc\\\/#breadcrumb\",\"itemListElement\":[{\"@type\":\"ListItem\",\"position\":1,\"name\":\"Startseite\",\"item\":\"https:\\\/\\\/inkosmia.com\\\/en\\\/\"},{\"@type\":\"ListItem\",\"position\":2,\"name\":\"GTC\"}]},{\"@type\":\"WebSite\",\"@id\":\"https:\\\/\\\/inkosmia.com\\\/en\\\/#website\",\"url\":\"https:\\\/\\\/inkosmia.com\\\/en\\\/\",\"name\":\"inkosmia\",\"description\":\"\",\"publisher\":{\"@id\":\"https:\\\/\\\/inkosmia.com\\\/en\\\/#organization\"},\"potentialAction\":[{\"@type\":\"SearchAction\",\"target\":{\"@type\":\"EntryPoint\",\"urlTemplate\":\"https:\\\/\\\/inkosmia.com\\\/en\\\/?s={search_term_string}\"},\"query-input\":{\"@type\":\"PropertyValueSpecification\",\"valueRequired\":true,\"valueName\":\"search_term_string\"}}],\"inLanguage\":\"en-US\"},{\"@type\":\"Organization\",\"@id\":\"https:\\\/\\\/inkosmia.com\\\/en\\\/#organization\",\"name\":\"inkosmia\",\"url\":\"https:\\\/\\\/inkosmia.com\\\/en\\\/\",\"logo\":{\"@type\":\"ImageObject\",\"inLanguage\":\"en-US\",\"@id\":\"https:\\\/\\\/inkosmia.com\\\/en\\\/#\\\/schema\\\/logo\\\/image\\\/\",\"url\":\"https:\\\/\\\/inkosmia.com\\\/wp-content\\\/uploads\\\/sites\\\/12\\\/2023\\\/07\\\/inkosmia-Logo.png\",\"contentUrl\":\"https:\\\/\\\/inkosmia.com\\\/wp-content\\\/uploads\\\/sites\\\/12\\\/2023\\\/07\\\/inkosmia-Logo.png\",\"width\":430,\"height\":164,\"caption\":\"inkosmia\"},\"image\":{\"@id\":\"https:\\\/\\\/inkosmia.com\\\/en\\\/#\\\/schema\\\/logo\\\/image\\\/\"}}]}<\/script>\n<!-- \/ Yoast SEO plugin. -->","yoast_head_json":{"title":"GTC - inkosmia","description":"Ihr zuverl\u00e4ssiger Partner f\u00fcr den Apothekenvertrieb von hochwertigen pharmazeutischen, medizinischen und kosmetischen Produkten","robots":{"index":"index","follow":"follow","max-snippet":"max-snippet:-1","max-image-preview":"max-image-preview:large","max-video-preview":"max-video-preview:-1"},"canonical":"https:\/\/inkosmia.com\/en\/gtc\/","og_locale":"en_US","og_type":"article","og_title":"GTC - inkosmia","og_description":"Ihr zuverl\u00e4ssiger Partner f\u00fcr den Apothekenvertrieb von hochwertigen pharmazeutischen, medizinischen und kosmetischen Produkten","og_url":"https:\/\/inkosmia.com\/en\/gtc\/","og_site_name":"inkosmia","article_modified_time":"2023-11-24T08:46:46+00:00","twitter_card":"summary_large_image","twitter_misc":{"Est. reading time":"8 minutes"},"schema":{"@context":"https:\/\/schema.org","@graph":[{"@type":"WebPage","@id":"https:\/\/inkosmia.com\/en\/gtc\/","url":"https:\/\/inkosmia.com\/en\/gtc\/","name":"GTC - inkosmia","isPartOf":{"@id":"https:\/\/inkosmia.com\/en\/#website"},"datePublished":"2023-04-27T09:15:27+00:00","dateModified":"2023-11-24T08:46:46+00:00","description":"Ihr zuverl\u00e4ssiger Partner f\u00fcr den Apothekenvertrieb von hochwertigen pharmazeutischen, medizinischen und kosmetischen Produkten","breadcrumb":{"@id":"https:\/\/inkosmia.com\/en\/gtc\/#breadcrumb"},"inLanguage":"en-US","potentialAction":[{"@type":"ReadAction","target":["https:\/\/inkosmia.com\/en\/gtc\/"]}]},{"@type":"BreadcrumbList","@id":"https:\/\/inkosmia.com\/en\/gtc\/#breadcrumb","itemListElement":[{"@type":"ListItem","position":1,"name":"Startseite","item":"https:\/\/inkosmia.com\/en\/"},{"@type":"ListItem","position":2,"name":"GTC"}]},{"@type":"WebSite","@id":"https:\/\/inkosmia.com\/en\/#website","url":"https:\/\/inkosmia.com\/en\/","name":"inkosmia","description":"","publisher":{"@id":"https:\/\/inkosmia.com\/en\/#organization"},"potentialAction":[{"@type":"SearchAction","target":{"@type":"EntryPoint","urlTemplate":"https:\/\/inkosmia.com\/en\/?s={search_term_string}"},"query-input":{"@type":"PropertyValueSpecification","valueRequired":true,"valueName":"search_term_string"}}],"inLanguage":"en-US"},{"@type":"Organization","@id":"https:\/\/inkosmia.com\/en\/#organization","name":"inkosmia","url":"https:\/\/inkosmia.com\/en\/","logo":{"@type":"ImageObject","inLanguage":"en-US","@id":"https:\/\/inkosmia.com\/en\/#\/schema\/logo\/image\/","url":"https:\/\/inkosmia.com\/wp-content\/uploads\/sites\/12\/2023\/07\/inkosmia-Logo.png","contentUrl":"https:\/\/inkosmia.com\/wp-content\/uploads\/sites\/12\/2023\/07\/inkosmia-Logo.png","width":430,"height":164,"caption":"inkosmia"},"image":{"@id":"https:\/\/inkosmia.com\/en\/#\/schema\/logo\/image\/"}}]}},"_links":{"self":[{"href":"https:\/\/inkosmia.com\/en\/wp-json\/wp\/v2\/pages\/1027","targetHints":{"allow":["GET"]}}],"collection":[{"href":"https:\/\/inkosmia.com\/en\/wp-json\/wp\/v2\/pages"}],"about":[{"href":"https:\/\/inkosmia.com\/en\/wp-json\/wp\/v2\/types\/page"}],"author":[{"embeddable":true,"href":"https:\/\/inkosmia.com\/en\/wp-json\/wp\/v2\/users\/3"}],"replies":[{"embeddable":true,"href":"https:\/\/inkosmia.com\/en\/wp-json\/wp\/v2\/comments?post=1027"}],"version-history":[{"count":1,"href":"https:\/\/inkosmia.com\/en\/wp-json\/wp\/v2\/pages\/1027\/revisions"}],"predecessor-version":[{"id":1028,"href":"https:\/\/inkosmia.com\/en\/wp-json\/wp\/v2\/pages\/1027\/revisions\/1028"}],"wp:attachment":[{"href":"https:\/\/inkosmia.com\/en\/wp-json\/wp\/v2\/media?parent=1027"}],"curies":[{"name":"wp","href":"https:\/\/api.w.org\/{rel}","templated":true}]}}